{"id":21,"date":"2015-05-14T20:27:13","date_gmt":"2015-05-14T20:27:13","guid":{"rendered":"http:\/\/nikola.dordetomic.de\/?page_id=21"},"modified":"2025-05-28T02:52:06","modified_gmt":"2025-05-28T01:52:06","slug":"publications","status":"publish","type":"page","link":"https:\/\/nikolatomic.eu\/?page_id=21","title":{"rendered":"Publications"},"content":{"rendered":"<p><strong>Books &amp; Edited volumes<\/strong><\/p>\n<p>Nikola Tomi\u0107 and Ben Tonra (eds.) (2021): <a href=\"https:\/\/www.routledge.com\/Conflict-Resolution-and-Global-Justice-The-European-Union-in-the-Global\/Tomic-Tonra\/p\/book\/9780367460747\">\u2018Conflict Resolution and Global Justice: The European Union in the global context\u2019<\/a>. Abingdon, UK: Routledge.<\/p>\n<p style=\"text-align: justify;\">Cristian Ni\u0163oiu &amp; Nikola Tomi\u0107 (eds.) (2013): <a href=\"https:\/\/books.google.ie\/books?id=XhgWBAAAQBAJ&amp;printsec=frontcover#v=onepage&amp;q&amp;f=false\">Europe, Discourse, and Institutions: Challenging the Mainstream in European Studies<\/a>. London: Routledge.<\/p>\n<p><strong>Articles and book chapters<br \/>\n<\/strong><\/p>\n<p>\u2018Defence and Terrorism\u2019. With Dr Simon J. Smith. In Costello, Rory and Robinson, Neil (Eds.), <a href=\"https:\/\/global.oup.com\/ukhe\/product\/comparative-european-politics-9780192866448?cc=ie&amp;lang=en&amp;\">Comparative European Politics. Distinctive Democracies, Common Challenges, 2nd Edition<\/a>. Oxford University Press, Oxford, UK, 2024.<\/p>\n<p>\u2018Defence\u2019. With Prof Ben Tonra. In Costello, Rory and Robinson, Neil (Eds.), <a href=\"https:\/\/global.oup.com\/ukhe\/product\/comparative-european-politics-9780198811404?cc=us&amp;lang=en\">Comparative European Politics. Distinctive Democracies, Common Challenges<\/a>. Oxford University Press, Oxford, UK, 2020.<\/p>\n<p>&#8216;<a href=\"https:\/\/papers.ssrn.com\/sol3\/papers.cfm?abstract_id=3596155\">Global justice and its challenges: The case of the EU\u2019s approach to the Syrian crisis<\/a>&#8216;. GLOBUS Research Papers 12\/2020, published on the Social Science Research Network, 2020.<\/p>\n<p><a href=\"https:\/\/papers.ssrn.com\/sol3\/papers.cfm?abstract_id=3552090\">\u2018Between border dispute and ethnic conflict: the EU as a just mediator in the Serbia-Kosovo stalemate\u2019<\/a>. GLOBUS Research Papers 5\/2020, published on the Social Science Research Network, 2020.<\/p>\n<p>\u2018<a href=\"https:\/\/papers.ssrn.com\/sol3\/papers.cfm?abstract_id=3130815\">The Pursuit of Justice Through EU Security Strategies: Sisyphus Redux?<\/a>\u2019. With Prof Ben Tonra. GLOBUS Research Papers 2\/2018. Published on the Social Science Research Network, 2018.<\/p>\n<p>&#8216;<a href=\"http:\/\/www.tandfonline.com\/doi\/ref\/10.1080\/09662839.2017.1352578?scroll=top\">The Father, the Son and the Holy Ghost: A Grounded Theory approach to the comparative study of decision-Making in the NAC and PSC<\/a>&#8216;. European Security, 26(3), 2017, pp. 359-78.<\/p>\n<p>\u2018<a href=\"http:\/\/suedosteuropaeischehefte.files.wordpress.com\/2013\/10\/tomicn_sh_2_1.pdf\">When the carrot is not sweet enough. Conditionality versus norms as modes of EU influence on Serbia\u2019s foreign policy (PDF)<\/a>\u2019. S\u00fcdosteurop\u00e4ische Hefte, 2(1), 2013, pp. 77-106.<\/p>\n<p>\u2018<a href=\"http:\/\/link.springer.com\/article\/10.1007\/s12399-013-0356-x\">\u00dcberblick und Analyse des Einflusses der Europ\u00e4ischen Union auf Serbiens Au\u00dfenpolitik: Ein Schachspiel zu dritt<\/a>\u2018. Zeitschrift f\u00fcr Au\u00dfen- und Sicherheitspolitik. 6(4), 2013, pp. 497-507.<\/p>\n<p>\u2018<a href=\"http:\/\/www.tandfonline.com\/doi\/full\/10.1080\/15705854.2013.785265\">Coordinative Discourses in Brussels: An Agency-oriented Model of EU Foreign Policy Analysis<\/a>\u2019. Perspectives on European Politics and Society. Special Issue: Europe, Discourse, and Institutions: Challenging the Mainstream in European Studies. 14(2), 2013, pp. 223-39.<\/p>\n<p><a href=\"http:\/\/www.tandfonline.com\/doi\/full\/10.1080\/15705854.2013.785262\">\u2018Introduction\u2019. Perspectives on European Politics and Society. Special Issue: Europe, Discourse, and Institutions: Challenging the Mainstream in European Studies<\/a>. 14(2), 2013, pp. 165-71.<\/p>\n<p>\u2018The role of women in EU\u2019s foreign policy\u2019 (in Serbian), in Zorana \u0160ija\u010dki (ed.) EU and gender equality \u2013 Book no. 3, Novi Sad: Institute for Gender Equality, (2011).<\/p>\n<p>\u2018Europe and its languages: Multilingualism as politics, idea and practice\u2019 in the magazine Europa, Novi Sad, Serbia, fall 2009, translated into Romanian.<\/p>\n<p>\u2018Does the EU deserve the Ode to Joy?\u2019 in the magazine Europa, Novi Sad, Serbia, summer 2008, translated into Romanian.<\/p>\n","protected":false},"excerpt":{"rendered":"<p>Books &amp; Edited volumes Nikola Tomi\u0107 and Ben Tonra (eds.) (2021): \u2018Conflict Resolution and Global Justice: The European Union in the global context\u2019. Abingdon, UK: Routledge. Cristian Ni\u0163oiu &amp; Nikola Tomi\u0107 (eds.) (2013): Europe, Discourse, and Institutions: Challenging the Mainstream in European Studies. London: Routledge. Articles and book chapters \u2018Defence and Terrorism\u2019. With Dr Simon [&hellip;]<\/p>\n","protected":false},"author":1,"featured_media":0,"parent":0,"menu_order":2,"comment_status":"closed","ping_status":"closed","template":"","meta":{"footnotes":""},"class_list":["post-21","page","type-page","status-publish","hentry"],"_links":{"self":[{"href":"https:\/\/nikolatomic.eu\/index.php?rest_route=\/wp\/v2\/pages\/21","targetHints":{"allow":["GET"]}}],"collection":[{"href":"https:\/\/nikolatomic.eu\/index.php?rest_route=\/wp\/v2\/pages"}],"about":[{"href":"https:\/\/nikolatomic.eu\/index.php?rest_route=\/wp\/v2\/types\/page"}],"author":[{"embeddable":true,"href":"https:\/\/nikolatomic.eu\/index.php?rest_route=\/wp\/v2\/users\/1"}],"replies":[{"embeddable":true,"href":"https:\/\/nikolatomic.eu\/index.php?rest_route=%2Fwp%2Fv2%2Fcomments&post=21"}],"version-history":[{"count":7,"href":"https:\/\/nikolatomic.eu\/index.php?rest_route=\/wp\/v2\/pages\/21\/revisions"}],"predecessor-version":[{"id":187,"href":"https:\/\/nikolatomic.eu\/index.php?rest_route=\/wp\/v2\/pages\/21\/revisions\/187"}],"wp:attachment":[{"href":"https:\/\/nikolatomic.eu\/index.php?rest_route=%2Fwp%2Fv2%2Fmedia&parent=21"}],"curies":[{"name":"wp","href":"https:\/\/api.w.org\/{rel}","templated":true}]}}